{"id":91,"date":"2022-03-24T16:58:24","date_gmt":"2022-03-24T15:58:24","guid":{"rendered":"https:\/\/master.themovation.com\/bellevue\/tinyhome\/?page_id=3029"},"modified":"2024-02-20T08:04:26","modified_gmt":"2024-02-20T07:04:26","slug":"verfugbarkeit","status":"publish","type":"page","link":"https:\/\/zowad.nl\/de\/beschikbaarheid\/","title":{"rendered":"Verf\u00fcgbarkeit"},"content":{"rendered":"\t\t<div data-elementor-type=\"wp-page\" data-elementor-id=\"91\" class=\"elementor elementor-91\">\n\t\t\t\t\t\t<section class=\"elementor-section elementor-top-section elementor-element elementor-element-55a1a546 elementor-section-boxed elementor-section-height-default elementor-section-height-default\" data-id=\"55a1a546\" data-element_type=\"section\" data-e-type=\"section\">\n\t\t\t\t\t\t<div class=\"elementor-container elementor-column-gap-default\">\n\t\t\t\t\t<div class=\"elementor-column elementor-col-100 elementor-top-column elementor-element elementor-element-17bbad5e\" data-id=\"17bbad5e\" data-element_type=\"column\" data-e-type=\"column\">\n\t\t\t<div class=\"elementor-widget-wrap elementor-element-populated\">\n\t\t\t\t\t\t<div class=\"elementor-element elementor-element-77031abc elementor-widget elementor-widget-spacer\" data-id=\"77031abc\" data-element_type=\"widget\" data-e-type=\"widget\" data-widget_type=\"spacer.default\">\n\t\t\t\t<div class=\"elementor-widget-container\">\n\t\t\t\t\t\t\t<div class=\"elementor-spacer\">\n\t\t\t<div class=\"elementor-spacer-inner\"><\/div>\n\t\t<\/div>\n\t\t\t\t\t\t<\/div>\n\t\t\t\t<\/div>\n\t\t\t\t\t<\/div>\n\t\t<\/div>\n\t\t\t\t\t<\/div>\n\t\t<\/section>\n\t\t\t\t<section class=\"elementor-section elementor-top-section elementor-element elementor-element-38248204 elementor-section-full_width elementor-section-height-min-height elementor-section-items-stretch elementor-section-height-default\" data-id=\"38248204\" data-element_type=\"section\" data-e-type=\"section\" data-settings=\"{&quot;background_background&quot;:&quot;classic&quot;}\">\n\t\t\t\t\t\t<div class=\"elementor-container elementor-column-gap-no\">\n\t\t\t\t\t<div class=\"elementor-column elementor-col-50 elementor-top-column elementor-element elementor-element-4702dd81\" data-id=\"4702dd81\" data-element_type=\"column\" data-e-type=\"column\" data-settings=\"{&quot;background_background&quot;:&quot;classic&quot;}\">\n\t\t\t<div class=\"elementor-widget-wrap elementor-element-populated\">\n\t\t\t\t\t\t<div class=\"elementor-element elementor-element-2caaabda elementor-widget__width-initial elementor-widget-tablet__width-inherit elementor-widget-mobile__width-inherit elementor-widget elementor-widget-text-editor\" data-id=\"2caaabda\" data-element_type=\"widget\" data-e-type=\"widget\" data-widget_type=\"text-editor.default\">\n\t\t\t\t<div class=\"elementor-widget-container\">\n\t\t\t\t\t\t\t\t\t<p>Home \u2013 Zoekresultaten<\/p>\t\t\t\t\t\t\t\t<\/div>\n\t\t\t\t<\/div>\n\t\t\t\t<div class=\"elementor-element elementor-element-13b582a elementor-widget-tablet__width-inherit elementor-widget-mobile__width-inherit elementor-widget__width-initial elementor-view-default elementor-position-top elementor-widget elementor-widget-themo-header\" data-id=\"13b582a\" data-element_type=\"widget\" data-e-type=\"widget\" data-widget_type=\"themo-header.default\">\n\t\t\t\t<div class=\"elementor-widget-container\">\n\t\t\t\t\t\t\t<div class=\"th-header-wrap\">\n        <div class=\"elementor-icon-box-wrapper \">\n                            <div class=\"elementor-icon-box-content\">\n                    <h4 class=\"elementor-icon-box-title\">\n                        Boek hier                    <\/h4>\n                                            <span class=\"th-header-divider\"><\/span>\n                                        <p class=\"elementor-icon-box-description\"><\/p>\n\n                                    <\/div>\n            <\/div>\n\n        <\/div>\n\n\t\t\t\t\t\t<\/div>\n\t\t\t\t<\/div>\n\t\t\t\t<div class=\"elementor-element elementor-element-70a799f elementor-widget__width-initial elementor-widget-tablet__width-inherit elementor-widget-mobile__width-inherit elementor-widget elementor-widget-text-editor\" data-id=\"70a799f\" data-element_type=\"widget\" data-e-type=\"widget\" data-widget_type=\"text-editor.default\">\n\t\t\t\t<div class=\"elementor-widget-container\">\n\t\t\t\t\t\t\t\t\t<p>Check hier de beschikbaarheid en reserveer je droomverblijf op Texel!<\/p>\t\t\t\t\t\t\t\t<\/div>\n\t\t\t\t<\/div>\n\t\t\t\t\t<\/div>\n\t\t<\/div>\n\t\t\t\t<div class=\"elementor-column elementor-col-50 elementor-top-column elementor-element elementor-element-4d85703f elementor-hidden-phone\" data-id=\"4d85703f\" data-element_type=\"column\" data-e-type=\"column\" data-settings=\"{&quot;background_background&quot;:&quot;classic&quot;}\">\n\t\t\t<div class=\"elementor-widget-wrap elementor-element-populated\">\n\t\t\t\t\t\t\t<\/div>\n\t\t<\/div>\n\t\t\t\t\t<\/div>\n\t\t<\/section>\n\t\t\t\t<section class=\"elementor-section elementor-top-section elementor-element elementor-element-c74d8ac elementor-section-boxed elementor-section-height-default elementor-section-height-default\" data-id=\"c74d8ac\" data-element_type=\"section\" data-e-type=\"section\">\n\t\t\t\t\t\t<div class=\"elementor-container elementor-column-gap-default\">\n\t\t\t\t\t<div class=\"elementor-column elementor-col-100 elementor-top-column elementor-element elementor-element-2a0a6df\" data-id=\"2a0a6df\" data-element_type=\"column\" data-e-type=\"column\">\n\t\t\t<div class=\"elementor-widget-wrap elementor-element-populated\">\n\t\t\t\t\t\t<div class=\"elementor-element elementor-element-d0bc8b9 elementor-widget elementor-widget-spacer\" data-id=\"d0bc8b9\" data-element_type=\"widget\" data-e-type=\"widget\" data-widget_type=\"spacer.default\">\n\t\t\t\t<div class=\"elementor-widget-container\">\n\t\t\t\t\t\t\t<div class=\"elementor-spacer\">\n\t\t\t<div class=\"elementor-spacer-inner\"><\/div>\n\t\t<\/div>\n\t\t\t\t\t\t<\/div>\n\t\t\t\t<\/div>\n\t\t\t\t\t<\/div>\n\t\t<\/div>\n\t\t\t\t\t<\/div>\n\t\t<\/section>\n\t\t\t\t<section class=\"elementor-section elementor-top-section elementor-element elementor-element-e637c29 elementor-section-boxed elementor-section-height-default elementor-section-height-default\" data-id=\"e637c29\" data-element_type=\"section\" data-e-type=\"section\">\n\t\t\t\t\t\t<div class=\"elementor-container elementor-column-gap-default\">\n\t\t\t\t\t<div class=\"elementor-column elementor-col-100 elementor-top-column elementor-element elementor-element-a6b17f7\" data-id=\"a6b17f7\" data-element_type=\"column\" data-e-type=\"column\">\n\t\t\t<div class=\"elementor-widget-wrap elementor-element-populated\">\n\t\t\t\t\t\t<div class=\"elementor-element elementor-element-d1a3d66 elementor-widget__width-initial elementor-widget elementor-widget-heading\" data-id=\"d1a3d66\" data-element_type=\"widget\" data-e-type=\"widget\" data-widget_type=\"heading.default\">\n\t\t\t\t<div class=\"elementor-widget-container\">\n\t\t\t\t\t<h4 class=\"elementor-heading-title elementor-size-default\">Beschikbaarheid & boeken<\/h4>\t\t\t\t<\/div>\n\t\t\t\t<\/div>\n\t\t\t\t\t<\/div>\n\t\t<\/div>\n\t\t\t\t\t<\/div>\n\t\t<\/section>\n\t\t\t\t<section class=\"elementor-section elementor-top-section elementor-element elementor-element-f7a8a88 elementor-section-boxed elementor-section-height-default elementor-section-height-default\" data-id=\"f7a8a88\" data-element_type=\"section\" data-e-type=\"section\">\n\t\t\t\t\t\t<div class=\"elementor-container elementor-column-gap-default\">\n\t\t\t\t\t<div class=\"elementor-column elementor-col-100 elementor-top-column elementor-element elementor-element-1cdddf8\" data-id=\"1cdddf8\" data-element_type=\"column\" data-e-type=\"column\">\n\t\t\t<div class=\"elementor-widget-wrap elementor-element-populated\">\n\t\t\t\t\t\t<div class=\"elementor-element elementor-element-9a4d998 elementor-widget elementor-widget-text-editor\" data-id=\"9a4d998\" data-element_type=\"widget\" data-e-type=\"widget\" data-widget_type=\"text-editor.default\">\n\t\t\t\t<div class=\"elementor-widget-container\">\n\t\t\t\t\t\t\t\t\t<p>Leuk dat je wilt boeken!<\/p><p>Hoe verder:<\/p><ol><li>Druk hieronder de door u gewenste datums in, de kalender verschijnt<\/li><li>Zoek en selecteer de groene vakjes om te boeken<\/li><li>Druk op de knop Ga verder \u2013 u bent nog tot niets verplicht!<\/li><li>\u00a0U ziet na \u2018Bekijk beschikbaarheid\u2019 meteen de prijs.<\/li><\/ol>\t\t\t\t\t\t\t\t<\/div>\n\t\t\t\t<\/div>\n\t\t\t\t<div class=\"elementor-element elementor-element-439a399 elementor-widget elementor-widget-themo-mphb-booking-form\" data-id=\"439a399\" data-element_type=\"widget\" data-e-type=\"widget\" data-widget_type=\"themo-mphb-booking-form.default\">\n\t\t\t\t<div class=\"elementor-widget-container\">\n\t\t\t\t\t                <div class=\"th-fo-form  th-left th-conversion  th-btn-form btn-standard-accent-form\"><div class=\"mphb_sc_booking_form-wrapper frm_forms with_frm_style is-direct-booking \">\t<form method=\"POST\" action=\"https:\/\/zowad.nl\/de\/boekingsbevestiging\/\" class=\"mphb-booking-form mphb-booking-form--direct-booking\" id=\"booking-form-503\" data-first_available_check_in_date=\"2026-05-31\">\n\n\t\t<p class=\"mphb-required-fields-tip\"><small>Erforderliche Felder werden gefolgt von <abbr title=\"required\">*<\/abbr><\/small><\/p>\n\t\t<input type=\"hidden\" id=\"mphb-checkout-nonce\" name=\"mphb-checkout-nonce\" value=\"50961e9730\" \/><input type=\"hidden\" name=\"_wp_http_referer\" value=\"\/de\/wp-json\/wp\/v2\/pages\/91\" \/>\t\t\t\t<input type=\"hidden\" name=\"mphb_room_type_id\" value=\"503\" \/>\n\t\t<p class=\"mphb-check-in-date-wrapper frm_form_field\">\n\t\t\t<label for=\"mphb_check_in_date-69fc9ea46a2c1\">\n\t\t\t\tAnreisedatum\t\t\t\t<abbr title=\"Formatiert als dd\/mm\/yyyy\">*<\/abbr>\n\t\t\t<\/label>\n\t\t\t<br \/>\n\t\t\t<input id=\"mphb_check_in_date-69fc9ea46a2c1\" type=\"text\" class=\"mphb-datepick\" value=\"\" required=\"required\" autocomplete=\"off\" placeholder=\"Anreisedatum\" inputmode=\"none\" \/>\n\t\t\t<input id=\"mphb_check_in_date-69fc9ea46a2c1-hidden\" type=\"hidden\" name=\"mphb_check_in_date\" value=\"\" \/>\n\t\t<\/p>\n\t\t<p class=\"mphb-check-out-date-wrapper frm_form_field\">\n\t\t\t<label for=\"mphb_check_out_date-69fc9ea46a2c1\">\n\t\t\t\tAbreisedatum\t\t\t\t<abbr title=\"Formatiert als dd\/mm\/yyyy\">*<\/abbr>\n\t\t\t<\/label>\n\t\t\t<br \/>\n\t\t\t<input id=\"mphb_check_out_date-69fc9ea46a2c1\" type=\"text\" class=\"mphb-datepick\" value=\"\" required=\"required\" autocomplete=\"off\" placeholder=\"Abreisedatum\" inputmode=\"none\" \/>\n\t\t\t<input id=\"mphb_check_out_date-69fc9ea46a2c1-hidden\" type=\"hidden\" name=\"mphb_check_out_date\" value=\"\" \/>\n\t\t<\/p>\n\t\t\t\t\t\t\t<div class=\"mphb-reserve-room-section frm_submit mphb-hide\">\n\t\t\t\t<p class=\"mphb-rooms-quantity-wrapper mphb-rooms-quantity-multiple mphb-hide\">\n\t\t\t\t<select class=\"mphb-rooms-quantity\" id=\"mphb-rooms-quantity-503\" name=\"mphb_rooms_details[503]\"><option value=\"1\" selected=\"selected\">1<\/option><\/select> of <span class=\"mphb-available-rooms-count\">1<\/span> verf\u00fcgbare Unterk\u00fcnfte reservieren.\t\t\t\t<\/p>\n\t\t\t\t<p class=\"mphb-rooms-quantity-wrapper mphb-rooms-quantity-single mphb-hide\">\n\t\t\t\t\tMolenhuisje ist f\u00fcr ausgew\u00e4hlte Daten verf\u00fcgbar.\t\t\t\t<\/p>\n\t\t\t\t\t\t\t\t\t<p class=\"mphb-period-price mphb-regular-price mphb-hide\">\n\t\t\t\t\t\t<strong>Preis von:<\/strong>\n\t\t\t\t\t<\/p>\n\t\t\t\t\t\t\t\t<input type=\"hidden\" name=\"mphb_is_direct_booking\" value=\"1\" \/>\n\t\t\t\t<input class=\"button mphb-button mphb-confirm-reservation\" type=\"submit\" value=\"Reservierung best\u00e4tigen\" \/>\n\t\t\t<\/div>\n\t\t\n\t\t<div class=\"mphb-errors-wrapper mphb-hide\"><\/div>\n\t\t<p class=\"mphb-reserve-btn-wrapper frm_submit\">\n\t\t\t<input class=\"mphb-reserve-btn button\" type=\"submit\" value=\"Verf\u00fcgbarkeit pr\u00fcfen\" \/>\n\t\t<\/p>\n\t<\/form>\n\t<\/div><\/div>\n                \t\t\t\t<\/div>\n\t\t\t\t<\/div>\n\t\t\t\t\t<\/div>\n\t\t<\/div>\n\t\t\t\t\t<\/div>\n\t\t<\/section>\n\t\t\t\t<section class=\"elementor-section elementor-top-section elementor-element elementor-element-808ecf3 elementor-section-boxed elementor-section-height-default elementor-section-height-default\" data-id=\"808ecf3\" data-element_type=\"section\" data-e-type=\"section\">\n\t\t\t\t\t\t<div class=\"elementor-container elementor-column-gap-default\">\n\t\t\t\t\t<div class=\"elementor-column elementor-col-100 elementor-top-column elementor-element elementor-element-19bf315\" data-id=\"19bf315\" data-element_type=\"column\" data-e-type=\"column\">\n\t\t\t<div class=\"elementor-widget-wrap elementor-element-populated\">\n\t\t\t\t\t\t<div class=\"elementor-element elementor-element-738bde4 elementor-widget elementor-widget-mphbe-room\" data-id=\"738bde4\" data-element_type=\"widget\" data-e-type=\"widget\" data-widget_type=\"mphbe-room.default\">\n\t\t\t\t<div class=\"elementor-widget-container\">\n\t\t\t\t\t<div class=\"mphb_sc_room-wrapper \"><div class=\"mphb-room-type post-503 mphb_room_type type-mphb_room_type status-publish format-standard has-post-thumbnail mphb_room_type_category-molenhuisje-c mphb_room_type_facility-huisdier-toegestaan mphb_room_type_facility-dichtbij-waddenzee mphb_room_type_facility-afwasmachine mphb_room_type_facility-airco mphb_room_type_facility-apart-toilet mphb_room_type_facility-bedstee-2personen mphb_room_type_facility-combimagnetron mphb_room_type_facility-gratisparkeren mphb_room_type_facility-boxspring-bed mphb_room_type_facility-koelvries mphb_room_type_facility-openhaard mphb_room_type_facility-internet-wifi mphb_room_type_facility-terras-vrij-uitzicht mphb_room_type_facility-tuin mphb_room_type_facility-vrij-uitzicht mphb_room_type_facility-vrijstaand mphb_room_type_facility-whirlpool mphb-room-type-adults-3 mphb-room-type-children-2 has-taxes-and-fees\">\n\n\t\n\t\n\n\t<p class=\"post-thumbnail mphb-loop-room-thumbnail\">\n\t<a href=\"https:\/\/zowad.nl\/de\/accommodation\/molenhuisje-t\/\">\n\t<img data-recalc-dims=\"1\" fetchpriority=\"high\" decoding=\"async\" width=\"1140\" height=\"760\" src=\"https:\/\/i0.wp.com\/zowad.nl\/wp-content\/uploads\/2022\/04\/Molenhuisje-VVV-fotoaktie-Justin-Sinner-10-scaled.jpg?resize=1140%2C760&ssl=1\" class=\"attachment-post-thumbnail size-post-thumbnail wp-post-image\" alt=\"\" srcset=\"https:\/\/i0.wp.com\/zowad.nl\/wp-content\/uploads\/2022\/04\/Molenhuisje-VVV-fotoaktie-Justin-Sinner-10-scaled.jpg?w=2560&ssl=1 2560w, https:\/\/i0.wp.com\/zowad.nl\/wp-content\/uploads\/2022\/04\/Molenhuisje-VVV-fotoaktie-Justin-Sinner-10-scaled.jpg?resize=300%2C200&ssl=1 300w, https:\/\/i0.wp.com\/zowad.nl\/wp-content\/uploads\/2022\/04\/Molenhuisje-VVV-fotoaktie-Justin-Sinner-10-scaled.jpg?resize=1024%2C683&ssl=1 1024w, https:\/\/i0.wp.com\/zowad.nl\/wp-content\/uploads\/2022\/04\/Molenhuisje-VVV-fotoaktie-Justin-Sinner-10-scaled.jpg?resize=768%2C512&ssl=1 768w, https:\/\/i0.wp.com\/zowad.nl\/wp-content\/uploads\/2022\/04\/Molenhuisje-VVV-fotoaktie-Justin-Sinner-10-scaled.jpg?resize=1536%2C1024&ssl=1 1536w, https:\/\/i0.wp.com\/zowad.nl\/wp-content\/uploads\/2022\/04\/Molenhuisje-VVV-fotoaktie-Justin-Sinner-10-scaled.jpg?resize=2048%2C1365&ssl=1 2048w, https:\/\/i0.wp.com\/zowad.nl\/wp-content\/uploads\/2022\/04\/Molenhuisje-VVV-fotoaktie-Justin-Sinner-10-scaled.jpg?resize=18%2C12&ssl=1 18w, https:\/\/i0.wp.com\/zowad.nl\/wp-content\/uploads\/2022\/04\/Molenhuisje-VVV-fotoaktie-Justin-Sinner-10-scaled.jpg?resize=120%2C80&ssl=1 120w, https:\/\/i0.wp.com\/zowad.nl\/wp-content\/uploads\/2022\/04\/Molenhuisje-VVV-fotoaktie-Justin-Sinner-10-scaled.jpg?resize=394%2C263&ssl=1 394w, https:\/\/i0.wp.com\/zowad.nl\/wp-content\/uploads\/2022\/04\/Molenhuisje-VVV-fotoaktie-Justin-Sinner-10-scaled.jpg?resize=915%2C610&ssl=1 915w, https:\/\/i0.wp.com\/zowad.nl\/wp-content\/uploads\/2022\/04\/Molenhuisje-VVV-fotoaktie-Justin-Sinner-10-scaled.jpg?resize=1240%2C827&ssl=1 1240w, https:\/\/i0.wp.com\/zowad.nl\/wp-content\/uploads\/2022\/04\/Molenhuisje-VVV-fotoaktie-Justin-Sinner-10-scaled.jpg?resize=1620%2C1080&ssl=1 1620w, https:\/\/i0.wp.com\/zowad.nl\/wp-content\/uploads\/2022\/04\/Molenhuisje-VVV-fotoaktie-Justin-Sinner-10-scaled.jpg?resize=375%2C250&ssl=1 375w, https:\/\/i0.wp.com\/zowad.nl\/wp-content\/uploads\/2022\/04\/Molenhuisje-VVV-fotoaktie-Justin-Sinner-10-scaled.jpg?resize=600%2C400&ssl=1 600w, https:\/\/i0.wp.com\/zowad.nl\/wp-content\/uploads\/2022\/04\/Molenhuisje-VVV-fotoaktie-Justin-Sinner-10-scaled.jpg?w=2280&ssl=1 2280w\" sizes=\"(max-width: 1140px) 100vw, 1140px\" data-attachment-id=\"8345\" data-permalink=\"https:\/\/zowad.nl\/de\/accommodation\/molenhuisje-t\/molenhuisje-vvv-fotoaktie-justin-sinner-10\/\" data-orig-file=\"https:\/\/i0.wp.com\/zowad.nl\/wp-content\/uploads\/2022\/04\/Molenhuisje-VVV-fotoaktie-Justin-Sinner-10-scaled.jpg?fit=2560%2C1707&ssl=1\" data-orig-size=\"2560,1707\" data-comments-opened=\"1\" data-image-meta=\"{&quot;aperture&quot;:&quot;11&quot;,&quot;credit&quot;:&quot;JUSTINSINNER.NL&quot;,&quot;camera&quot;:&quot;Canon EOS 5D Mark IV&quot;,&quot;caption&quot;:&quot;&quot;,&quot;created_timestamp&quot;:&quot;1748875763&quot;,&quot;copyright&quot;:&quot;JUSTIN SINNER PICTURES&quot;,&quot;focal_length&quot;:&quot;22&quot;,&quot;iso&quot;:&quot;100&quot;,&quot;shutter_speed&quot;:&quot;0.001&quot;,&quot;title&quot;:&quot;&quot;,&quot;orientation&quot;:&quot;1&quot;}\" data-image-title=\"Molenhuisje VVV fotoaktie Justin Sinner (10)\" data-image-description=\"\" data-image-caption=\"<p>Alle privacy<\/p>\n\" data-large-file=\"https:\/\/i0.wp.com\/zowad.nl\/wp-content\/uploads\/2022\/04\/Molenhuisje-VVV-fotoaktie-Justin-Sinner-10-scaled.jpg?fit=1024%2C683&ssl=1\" \/>\t<\/a>\n\n\t<\/p>\n\n<h2 class=\"mphb-room-type-title entry-title\">\n\n<a class=\"mphb-room-type-title\" href=\"https:\/\/zowad.nl\/de\/accommodation\/molenhuisje-t\/\">Molenhuisje<\/a>\n\n<\/h2>\n\n<p>Prachtig Molenhuisje aan natuurgebieden, met het Wad op kruipafstand. Authentiek van buiten, licht, ruim en zeer comfortabel van binnen!<\/p>\n\n\n<h3 class=\"mphb-room-type-details-title\">Details<\/h3><ul class=\"mphb-loop-room-type-attributes\">\n\t<li class=\"mphb-room-type-total-capacity\"><span class=\"mphb-attribute-title mphb-total-capacity-title\">G\u00e4ste:<\/span><span class=\"mphb-attribute-value\">\n\t3\n\t<\/span><\/li>\t\n\n\n\n\t<li class=\"mphb-room-type-facilities\"><span class=\"mphb-attribute-title mphb-facilities-title\">Ausstattungen:<\/span><span class=\"mphb-attribute-value\"> <span class=\"facility-huisdier-toegestaan\"><a href=\"https:\/\/zowad.nl\/de\/accommodation-facility\/huisdier-toegestaan\/\">1 huisdier toegestaan<\/a><\/span>, <span class=\"facility-dichtbij-waddenzee\"><a href=\"https:\/\/zowad.nl\/de\/accommodation-facility\/dichtbij-waddenzee\/\">4 minuten lopen van Waddenzee<\/a><\/span>, <span class=\"facility-afwasmachine\"><a href=\"https:\/\/zowad.nl\/de\/accommodation-facility\/afwasmachine\/\">Afwasmachine<\/a><\/span>, <span class=\"facility-airco\"><a href=\"https:\/\/zowad.nl\/de\/accommodation-facility\/airco\/\">Airconditioning<\/a><\/span>, <span class=\"facility-apart-toilet\"><a href=\"https:\/\/zowad.nl\/de\/accommodation-facility\/apart-toilet\/\">Apart toilet<\/a><\/span>, <span class=\"facility-bedstee-2personen\"><a href=\"https:\/\/zowad.nl\/de\/accommodation-facility\/bedstee-2personen\/\">Bedstee - 2 persoonsbed<\/a><\/span>, <span class=\"facility-combimagnetron\"><a href=\"https:\/\/zowad.nl\/de\/accommodation-facility\/combimagnetron\/\">Combi magnetron<\/a><\/span>, <span class=\"facility-gratisparkeren\"><a href=\"https:\/\/zowad.nl\/de\/accommodation-facility\/gratisparkeren\/\">Gratis parkeren<\/a><\/span>, <span class=\"facility-boxspring-bed\"><a href=\"https:\/\/zowad.nl\/de\/accommodation-facility\/boxspring-bed\/\">Grote 2 persoons boxspring<\/a><\/span>, <span class=\"facility-koelvries\"><a href=\"https:\/\/zowad.nl\/de\/accommodation-facility\/koelvries\/\">Koelvries combinatie<\/a><\/span>, <span class=\"facility-openhaard\"><a href=\"https:\/\/zowad.nl\/de\/accommodation-facility\/openhaard\/\">Open haard - houtkachel<\/a><\/span>, <span class=\"facility-internet-wifi\"><a href=\"https:\/\/zowad.nl\/de\/accommodation-facility\/internet-wifi\/\">Snel internet - wifi<\/a><\/span>, <span class=\"facility-terras-vrij-uitzicht\"><a href=\"https:\/\/zowad.nl\/de\/accommodation-facility\/terras-vrij-uitzicht\/\">Terras met vrij uitzicht<\/a><\/span>, <span class=\"facility-tuin\"><a href=\"https:\/\/zowad.nl\/de\/accommodation-facility\/tuin\/\">Tuin<\/a><\/span>, <span class=\"facility-vrij-uitzicht\"><a href=\"https:\/\/zowad.nl\/de\/accommodation-facility\/vrij-uitzicht\/\">Vrij uitzicht over natuurgebied<\/a><\/span>, <span class=\"facility-vrijstaand\"><a href=\"https:\/\/zowad.nl\/de\/accommodation-facility\/vrijstaand\/\">Vrijstaande woning<\/a><\/span>, <span class=\"facility-whirlpool\"><a href=\"https:\/\/zowad.nl\/de\/accommodation-facility\/whirlpool\/\">Whirlpool bad<\/a><\/span><\/span><\/li>\n\t\n\n\n\t<li class=\"mphb-room-type-view\"><span class=\"mphb-attribute-title mphb-view-title\">Ansicht:<\/span><span class=\"mphb-attribute-value\">\n\tTotale vrijheid, zicht op natuurgebied en de molen, comfort, luxe, whirlpoolbad met jets, open haard, 1 huisdier toegestaan\n\t<\/span><\/li>\n\t\n\n\n\t<li class=\"mphb-room-type-size\"><span class=\"mphb-attribute-title mphb-size-title\">Gr\u00f6\u00dfe:<\/span><span class=\"mphb-attribute-value\">\n\t70m\u00b2\n\t<\/span><\/li>\n\t\n\n\t<li class=\"mphb-room-type-bed-type\"><span  class=\"mphb-attribute-title mphb-bed-type-title\">Bettentyp:<\/span><span class=\"mphb-attribute-value\">\n\tTweepersoons 1.80 x 2.00 meter en tweepersoons 1.60 x 2.00 meter\n\t<\/span><\/li>\n\t\n\n\t<li class=\"mphb-room-type-categories\"><span class=\"mphb-attribute-title mphb-categories-title\">Kategorien:<\/span><span class=\"mphb-attribute-value\"> <span class=\"category-molenhuisje-c\"><a href=\"https:\/\/zowad.nl\/de\/accommodation-category\/molenhuisje-c\/\">Molenhuisje<\/a><\/span><\/span><\/li>\n\t\n<\/ul>\n\t\n<\/div>\n<\/div>\t\t\t\t<\/div>\n\t\t\t\t<\/div>\n\t\t\t\t\t<\/div>\n\t\t<\/div>\n\t\t\t\t\t<\/div>\n\t\t<\/section>\n\t\t\t\t<section class=\"elementor-section elementor-top-section elementor-element elementor-element-44630b7 elementor-section-boxed elementor-section-height-default elementor-section-height-default\" data-id=\"44630b7\" data-element_type=\"section\" data-e-type=\"section\">\n\t\t\t\t\t\t<div class=\"elementor-container elementor-column-gap-default\">\n\t\t\t\t\t<div class=\"elementor-column elementor-col-100 elementor-top-column elementor-element elementor-element-7af1e60\" data-id=\"7af1e60\" data-element_type=\"column\" data-e-type=\"column\">\n\t\t\t<div class=\"elementor-widget-wrap elementor-element-populated\">\n\t\t\t\t\t\t<div class=\"elementor-element elementor-element-4dbb09c elementor-widget elementor-widget-spacer\" data-id=\"4dbb09c\" data-element_type=\"widget\" data-e-type=\"widget\" data-widget_type=\"spacer.default\">\n\t\t\t\t<div class=\"elementor-widget-container\">\n\t\t\t\t\t\t\t<div class=\"elementor-spacer\">\n\t\t\t<div class=\"elementor-spacer-inner\"><\/div>\n\t\t<\/div>\n\t\t\t\t\t\t<\/div>\n\t\t\t\t<\/div>\n\t\t\t\t\t<\/div>\n\t\t<\/div>\n\t\t\t\t\t<\/div>\n\t\t<\/section>\n\t\t\t\t<section class=\"elementor-section elementor-top-section elementor-element elementor-element-66eea92 elementor-section-boxed elementor-section-height-default elementor-section-height-default\" data-id=\"66eea92\" data-element_type=\"section\" data-e-type=\"section\">\n\t\t\t\t\t\t<div class=\"elementor-container elementor-column-gap-default\">\n\t\t\t\t\t<div class=\"elementor-column elementor-col-100 elementor-top-column elementor-element elementor-element-6b8e28b\" data-id=\"6b8e28b\" data-element_type=\"column\" data-e-type=\"column\">\n\t\t\t<div class=\"elementor-widget-wrap elementor-element-populated\">\n\t\t\t\t\t\t<div class=\"elementor-element elementor-element-d972c47 elementor-widget__width-inherit elementor-widget elementor-widget-themo-mphb-availability-calendar\" data-id=\"d972c47\" data-element_type=\"widget\" data-e-type=\"widget\" data-widget_type=\"themo-mphb-availability-calendar.default\">\n\t\t\t\t<div class=\"elementor-widget-container\">\n\t\t\t\t\t            <div class=\"elementor-shortcode themo_mphb_availability_calendar\">\n                                    <div class=\"th-cal-tooltip\"><h6 class=\"th-tooltip-title\">Overzicht beschikbaarheid<\/h6><\/div>\n                                <div class=\"mphb_sc_availability_calendar-wrapper\">\t<div class=\"mphb-calendar mphb-datepick inlinePicker mphb-calendar--direct-booking\" data-room-type-id=\"503\" data-monthstoshow=\"6\" data-is_show_prices=\"0\" data-is_truncate_prices=\"1\" data-is_show_prices_currency=\"0\" data-first_available_check_in_date=\"2026-05-31\"><\/div>\n\t<\/div>            <\/div>\n            \t\t\t\t<\/div>\n\t\t\t\t<\/div>\n\t\t\t\t\t<\/div>\n\t\t<\/div>\n\t\t\t\t\t<\/div>\n\t\t<\/section>\n\t\t\t\t<section class=\"elementor-section elementor-top-section elementor-element elementor-element-5d6e769 elementor-section-boxed elementor-section-height-default elementor-section-height-default\" data-id=\"5d6e769\" data-element_type=\"section\" data-e-type=\"section\">\n\t\t\t\t\t\t<div class=\"elementor-container elementor-column-gap-default\">\n\t\t\t\t\t<div class=\"elementor-column elementor-col-100 elementor-top-column elementor-element elementor-element-31042d3\" data-id=\"31042d3\" data-element_type=\"column\" data-e-type=\"column\">\n\t\t\t<div class=\"elementor-widget-wrap\">\n\t\t\t\t\t\t\t<\/div>\n\t\t<\/div>\n\t\t\t\t\t<\/div>\n\t\t<\/section>\n\t\t\t\t<\/div>\n\t\t","protected":false},"excerpt":{"rendered":"<p>Home \u2013 Zoekresultaten&hellip;<\/p>","protected":false},"author":1,"featured_media":0,"parent":0,"menu_order":7,"comment_status":"closed","ping_status":"closed","template":"elementor_theme","meta":{"footnotes":""},"class_list":["post-91","page","type-page","status-publish","hentry"],"jetpack_shortlink":"https:\/\/wp.me\/PdFdim-1t","jetpack_sharing_enabled":true,"_links":{"self":[{"href":"https:\/\/zowad.nl\/de\/wp-json\/wp\/v2\/pages\/91","targetHints":{"allow":["GET"]}}],"collection":[{"href":"https:\/\/zowad.nl\/de\/wp-json\/wp\/v2\/pages"}],"about":[{"href":"https:\/\/zowad.nl\/de\/wp-json\/wp\/v2\/types\/page"}],"author":[{"embeddable":true,"href":"https:\/\/zowad.nl\/de\/wp-json\/wp\/v2\/users\/1"}],"replies":[{"embeddable":true,"href":"https:\/\/zowad.nl\/de\/wp-json\/wp\/v2\/comments?post=91"}],"version-history":[{"count":0,"href":"https:\/\/zowad.nl\/de\/wp-json\/wp\/v2\/pages\/91\/revisions"}],"wp:attachment":[{"href":"https:\/\/zowad.nl\/de\/wp-json\/wp\/v2\/media?parent=91"}],"curies":[{"name":"wp","href":"https:\/\/api.w.org\/{rel}","templated":true}]}}