{"id":90,"date":"2021-10-12T17:00:46","date_gmt":"2021-10-12T15:00:46","guid":{"rendered":"https:\/\/master.themovation.com\/bellevue\/tinyhome\/?page_id=3034"},"modified":"2023-04-19T23:21:04","modified_gmt":"2023-04-19T21:21:04","slug":"geschaftsbedingungen","status":"publish","type":"page","link":"https:\/\/zowad.nl\/de\/algemene-voorwaarden\/","title":{"rendered":"Gesch\u00e4ftsbedingungen"},"content":{"rendered":"<div data-elementor-type=\"wp-page\" data-elementor-id=\"90\" class=\"elementor elementor-90\">\n\t\t\t\t\t\t<section class=\"elementor-section elementor-top-section elementor-element elementor-element-175ad3a elementor-section-boxed elementor-section-height-default elementor-section-height-default\" data-id=\"175ad3a\" data-element_type=\"section\" data-e-type=\"section\">\n\t\t\t\t\t\t<div class=\"elementor-container elementor-column-gap-default\">\n\t\t\t\t\t<div class=\"elementor-column elementor-col-100 elementor-top-column elementor-element elementor-element-3195024e\" data-id=\"3195024e\" data-element_type=\"column\" data-e-type=\"column\">\n\t\t\t<div class=\"elementor-widget-wrap elementor-element-populated\">\n\t\t\t\t\t\t<div class=\"elementor-element elementor-element-5328ceb0 elementor-widget elementor-widget-spacer\" data-id=\"5328ceb0\" data-element_type=\"widget\" data-e-type=\"widget\" data-widget_type=\"spacer.default\">\n\t\t\t\t<div class=\"elementor-widget-container\">\n\t\t\t\t\t\t\t<div class=\"elementor-spacer\">\n\t\t\t<div class=\"elementor-spacer-inner\"><\/div>\n\t\t<\/div>\n\t\t\t\t\t\t<\/div>\n\t\t\t\t<\/div>\n\t\t\t\t\t<\/div>\n\t\t<\/div>\n\t\t\t\t\t<\/div>\n\t\t<\/section>\n\t\t\t\t<section class=\"elementor-section elementor-top-section elementor-element elementor-element-932417f elementor-section-boxed elementor-section-height-default elementor-section-height-default\" data-id=\"932417f\" data-element_type=\"section\" data-e-type=\"section\">\n\t\t\t\t\t\t<div class=\"elementor-container elementor-column-gap-default\">\n\t\t\t\t\t<div class=\"elementor-column elementor-col-100 elementor-top-column elementor-element elementor-element-325b0b1\" data-id=\"325b0b1\" data-element_type=\"column\" data-e-type=\"column\">\n\t\t\t<div class=\"elementor-widget-wrap elementor-element-populated\">\n\t\t\t\t\t\t<div class=\"elementor-element elementor-element-5cac30b elementor-widget elementor-widget-heading\" data-id=\"5cac30b\" data-element_type=\"widget\" data-e-type=\"widget\" data-widget_type=\"heading.default\">\n\t\t\t\t<div class=\"elementor-widget-container\">\n\t\t\t\t\t<h2 class=\"elementor-heading-title elementor-size-default\">Das Kleingedruckte | Gesch\u00e4ftsbedingungen<\/h2>\t\t\t\t<\/div>\n\t\t\t\t<\/div>\n\t\t\t\t\t<\/div>\n\t\t<\/div>\n\t\t\t\t\t<\/div>\n\t\t<\/section>\n\t\t\t\t<section class=\"elementor-section elementor-top-section elementor-element elementor-element-5b3c4ee elementor-section-boxed elementor-section-height-default elementor-section-height-default\" data-id=\"5b3c4ee\" data-element_type=\"section\" data-e-type=\"section\">\n\t\t\t\t\t\t<div class=\"elementor-container elementor-column-gap-default\">\n\t\t\t\t\t<div class=\"elementor-column elementor-col-100 elementor-top-column elementor-element elementor-element-cccf69c\" data-id=\"cccf69c\" data-element_type=\"column\" data-e-type=\"column\">\n\t\t\t<div class=\"elementor-widget-wrap elementor-element-populated\">\n\t\t\t\t\t\t<div class=\"elementor-element elementor-element-3b10bb3 elementor-widget-divider--view-line elementor-widget elementor-widget-divider\" data-id=\"3b10bb3\" data-element_type=\"widget\" data-e-type=\"widget\" data-widget_type=\"divider.default\">\n\t\t\t\t<div class=\"elementor-widget-container\">\n\t\t\t\t\t\t\t<div class=\"elementor-divider\">\n\t\t\t<span class=\"elementor-divider-separator\">\n\t\t\t\t\t\t<\/span>\n\t\t<\/div>\n\t\t\t\t\t\t<\/div>\n\t\t\t\t<\/div>\n\t\t\t\t\t<\/div>\n\t\t<\/div>\n\t\t\t\t\t<\/div>\n\t\t<\/section>\n\t\t\t\t<section class=\"elementor-section elementor-top-section elementor-element elementor-element-527d9703 elementor-section-boxed elementor-section-height-default elementor-section-height-default\" data-id=\"527d9703\" data-element_type=\"section\" data-e-type=\"section\">\n\t\t\t\t\t\t<div class=\"elementor-container elementor-column-gap-default\">\n\t\t\t\t\t<div class=\"elementor-column elementor-col-100 elementor-top-column elementor-element elementor-element-64f38e52\" data-id=\"64f38e52\" data-element_type=\"column\" data-e-type=\"column\">\n\t\t\t<div class=\"elementor-widget-wrap elementor-element-populated\">\n\t\t\t\t\t\t<div class=\"elementor-element elementor-element-2c96f58b elementor-widget elementor-widget-text-editor\" data-id=\"2c96f58b\" data-element_type=\"widget\" data-e-type=\"widget\" data-widget_type=\"text-editor.default\">\n\t\t\t\t<div class=\"elementor-widget-container\">\n\t\t\t\t\t\t\t\t\t <p>Folgendes sind unsere <strong>Gesch\u00e4ftsbedingungen<\/strong> zum Zeitpunkt der Buchung akzeptiert. Es ist das notwendige Kleingedruckte, das f\u00fcr Sie und uns von gro\u00dfer Bedeutung sein kann. <\/p><p>Die Allgemeinen Gesch\u00e4ftsbedingungen gelten f\u00fcr alle unsere Unterk\u00fcnfte <a href=\"https:\/\/www.recron.nl\/over-recron\/recron-voorwaarden\/\">Recron<\/a> zutreffend. Nachfolgend finden Sie die spezifischen Regeln f\u00fcr ZoWad, die Vorrang vor den allgemein g\u00fcltigen Recron-Regeln haben. <\/p><h5><strong>Allgemeine Gesch\u00e4ftsbedingungen mieten Molenhuisje Beaufort | ZoWad Texel | Ferienwohnung<\/strong><br \/>basierend auf ANWB\/Recron-Bedingungen<\/h5><p><strong>1. Die Reservierung<\/strong><br \/>\u2022 Eine Reservierung, telefonisch, per E-Mail oder \u00fcber die Website, bindet den Mieter.<br \/>\u2022 Preise. Der Mieter schuldet dem Vermieter den vereinbarten Preis, wie er in der schriftlichen Best\u00e4tigung und Rechnung der Reservierung angegeben ist.<\/p><p><strong>Zahlung<\/strong><br \/>o Die gesamte Miete muss bei der Reservierung bezahlt werden, sofern nichts anderes schriftlich mit dem Vermieter vereinbart wurde. Der Eingang der Miete macht die Reservierung endg\u00fcltig. Dies wird dem Mieter per E-Mail best\u00e4tigt. Der Vermieter verlangt keine Kaution, aber Sch\u00e4den m\u00fcssen sofort gemeldet werden.<br \/>o Bei Zahlungsverzug kann der Mietvertrag nach Mahnung\/Inverzugsetzung sofort gek\u00fcndigt werden, danach gelten f\u00fcr den Mieter die Stornoregeln und gelten somit. Ausnahmen werden schriftlich (per E-Mail) best\u00e4tigt.<\/p><p><strong>2. An- und Abreise<\/strong><br \/>Das Feriendomizil kann am vereinbarten Anreisetag gem\u00e4ss Buchungsbest\u00e4tigung ab 15.00 Uhr bezogen werden.<br \/>Am vereinbarten Abreisetag laut Reservierungsbest\u00e4tigung ist das Haus bis sp\u00e4testens 10.00 Uhr zu r\u00e4umen.<br \/>Wird die Nutzung des Feriendomizils fr\u00fcher als zum vereinbarten Datum, wie auf der Reservierungsbest\u00e4tigung angegeben, beendet, hat der Mieter keinen Anspruch auf R\u00fcckerstattung des (Teils) des Mietpreises und\/oder der Kosten.<\/p><p><strong>3. (Anzahl der) Personen \/ Haustiere<\/strong><br \/>Das Haus darf nur von der vereinbarten Personenzahl gem\u00e4\u00df Hausbeschreibung genutzt werden. Kinder im Alter von 0-2 Jahren z\u00e4hlen nicht zur maximalen Personenzahl von 3. Sie zahlen jedoch die Kurtaxe. <br \/>Das Haus wird von der bei der Buchung angegebenen Personenzahl genutzt, \u00c4nderungen dieser m\u00fcssen vor Anreise gemeldet werden.<br \/>-Alter: Jugend- und Studentengruppen sind nicht erlaubt. Mindestens ein Erwachsener ab 25 Jahren muss immer in der Unterkunft \u00fcbernachten (Molenhuisje Beaufort | ZoWad).<br \/>-Ein (maximal 1) Hund ist erlaubt und willkommen. Zus\u00e4tzliche Kosten werden pro Tier und Nacht berechnet. Haustiere sind in den Schlafzimmern und auf den St\u00fchlen und Sofas, sowohl drinnen als auch drau\u00dfen, nicht erlaubt.<\/p><p><strong>4. Pflichten des Vermieters.<\/strong><\/p><p>Vermieter ist verpflichtet:<br \/>\u2022 die Unterkunft wie in diesem Mietvertrag vereinbart rechtzeitig zur Verf\u00fcgung zu stellen;<br \/>\u2022 In gutem Zustand und komplett mit Inventar bereitzustellen;<br \/>\u2022 F\u00fcr den Aufenthalt mit Inventar eine ordentliche Geb\u00e4ude- und Hausratversicherung abzuschlie\u00dfen, die auch Sch\u00e4den w\u00e4hrend der Anmietung abdeckt;<br \/>\u2022 Sicherstellen, dass der Standortverwalter dem Mieter Zugang zu dem Standort gew\u00e4hrt, an dem sich die Unterkunft befindet;<br \/>\u2022 Im Voraus ausreichende Anweisungen f\u00fcr die Verwendung der Unterkunft und des Zubeh\u00f6rs zu geben.<\/p><p><strong>5. Pflichten des Mieters.<\/strong><\/p><p>Mieter ist verpflichtet:<br \/>\u2022 die f\u00e4lligen Miet- oder Stornokosten bezahlen, auch wenn er die Unterkunft nicht oder f\u00fcr einen k\u00fcrzeren Zeitraum in Anspruch nimmt;<br \/>\u2022 die Wohnung entsprechend ihrem Bestimmungsort sorgf\u00e4ltig zu nutzen;<br \/>\u2022 Befolgen Sie die Anweisungen des Vermieters;<br \/>\u2022 die Unterkunft nicht zu nutzen oder an andere zu vermieten;<br \/>\u2022 Sicherstellung der Einhaltung der Hausordnung durch die Gruppe, der der Mieter angeh\u00f6rt;<br \/>\u2022 Die Unterkunft p\u00fcnktlich und in demselben Zustand wie zu Beginn der Mietzeit zu \u00fcbergeben, vorbehaltlich normaler Abnutzung.<\/p><p><strong>6. Einzahlung<\/strong><br \/>Bei der Buchung zahlt der Mieter keine Kaution mehr an den Vermieter. Alle Sch\u00e4den m\u00fcssen jedoch sofort dem Vermieter gemeldet werden: per E-Mail, Telefon, What\u2019sapp, damit der Schaden schnellstm\u00f6glich behoben und reguliert werden kann.<\/p><p><strong>7. Bei der Abreise<\/strong><br \/>Bei der Abreise fordert der Vermieter den Mieter auf, Folgendes zu erledigen:<br \/>1. Geschirr sp\u00fclen und trocken wegr\u00e4umen. K\u00fccheninventar leer und sauber in den Schr\u00e4nken. K\u00fchl-\/Gefrierfach leeren, abtauen und reinigen, Treteimer leeren und reinigen und Kaffeemaschinen leeren, reinigen und trocknen.<br \/>2. Stellen Sie die M\u00f6bel dorthin zur\u00fcck, wo sie bei der Ankunft waren.<br \/>3. Abfall in die Container vor Ort entsorgen. Deponieren oder nehmen Sie Ihr eigenes Glas in einem \u00f6ffentlichen Altglascontainer. Pfandflaschen mitbringen.<br \/>4. Schalten Sie die Klimaanlage und alle Lichter aus. <br \/>5. Platzieren Sie die Gartenm\u00f6bel wie vorgefunden. Lose Kissen in der Aufbewahrungsbox drau\u00dfen. <br \/>6. B\u00f6den \u201eabwischen\u201c lassen.<br \/>7. Wischen Sie das Innere des Kamins sauber. Leere Asche. Deponieren Sie die Asche und das Holz in einem verschlossenen grauen Sack im grauen Container.<br \/>8. Schl\u00fcssel\u00fcbergabe an den Vermieter. Stellen Sie sicher, dass Sie nichts vergessen haben. Die Versandkosten gehen zu Lasten des Mieters.<\/p><p><strong>8. Stornierung durch den Mieter<\/strong><br \/>1. Der Mieter muss schriftlich, per E-Mail oder Post k\u00fcndigen.<br \/>2. Im Falle einer Stornierung schuldet der Mieter folgende Stornokosten:<br \/>\u2022 15% des Mietpreises im Falle einer Stornierung mehr als 3 Monate vor Mietbeginn;<br \/>\u2022 50% des Mietpreises bei Stornierung mehr als 2 Monate, aber nicht mehr als 3 Monate vor Mietbeginn;<br \/>\u2022 70% der Miete bei Stornierung mehr als 1 Monat, aber nicht mehr als 2 Monate vor Beginn des Mietzeitraums;<br \/>\u2022 90% des Mietpreises bei Stornierung ab 1 Tag, jedoch nicht l\u00e4nger als 1 Monat vor Mietbeginn;<br \/>\u2022 100% des Mietpreises im Falle einer Stornierung am Tag des Mietbeginns.<br \/>3. Wird die Unterkunft f\u00fcr den vereinbarten Zeitraum an Dritte vermietet, reduzieren sich die Stornokosten um die Mieteinnahmen.<\/p><p><strong>9. Nichteinhaltung<\/strong><br \/>1. Wenn eine der Parteien ihren Verpflichtungen nicht nachkommt, hat die andere Partei das Recht, den Vertrag ganz oder teilweise aufzul\u00f6sen, es sei denn, der Mangel ist von besonderer Art oder von geringem Umfang. Im Falle der Aufl\u00f6sung besteht auch ein Anspruch auf Ersatz etwaiger Sch\u00e4den, es sei denn, der Mangel ist dieser Partei selbst zuzurechnen. Wird durch den Mangel der Urlaub ganz oder teilweise verdorben, kann der Mieter hierf\u00fcr Schadensersatz verlangen.<br \/>2. Im Falle der Aufl\u00f6sung resp. Teilaufl\u00f6sung aufgrund eines Vers\u00e4umnisses des Vermieters, so hat er die gezahlte Miete im Verh\u00e4ltnis zur Aufl\u00f6sung zu erstatten.<br \/>3. Wenn die Unterkunft nicht oder nicht rechtzeitig geliefert wird, hat der Mieter Anspruch auf 25% der Miete, vorbehaltlich des vollen Anspruchs auf volle Entsch\u00e4digung, wie in Absatz 1 erw\u00e4hnt.<br \/>4. R\u00e4umt der Mieter die Unterkunft sp\u00e4ter als vereinbart, hat der Vermieter Anspruch auf eine anteilige Erh\u00f6hung der Miete und Ersatz des w\u00e4hrend der Mietzeit entstandenen Schadens.<\/p><p><strong>10. Kosten w\u00e4hrend der Anmietung | normale Wartung und Reparatur<\/strong><br \/>Die notwendigen Kosten der normalen Wartung und Reparatur gehen zu Lasten des Vermieters. Der Mieter muss sich mit dem Vermieter in Verbindung setzen und dessen Erlaubnis einholen, bevor er die Instandhaltung oder Reparatur der Unterkunft anordnet. Die Erstattung der entstandenen Kosten erfolgt gegen Vorlage der Einzelrechnungen.<\/p><p class=\"translation-block\"><strong>11. Sch\u00e4den<\/strong><br> \u2022 Bei Sch\u00e4den durch Verlust, Beschlagnahme und erhebliche Sch\u00e4den an der Unterkunft, Inventar und Zubeh\u00f6r wird der Mieter R\u00fccksprache mit dem Vermieter halten. Der Mieter h\u00e4lt sich an die Weisungen des Vermieters.<br> \u2022 Der Mieter haftet f\u00fcr Sch\u00e4den und damit verbundene Kosten, die w\u00e4hrend der Mietzeit entstehen, es sei denn, der Schaden ist durch die f\u00fcr den Aufenthalt abgeschlossene Versicherung gedeckt, die gem\u00e4\u00df diesem Vertrag h\u00e4tte versichert werden m\u00fcssen. Dieser Betrag ist der maximale Selbstbehalt.<br> \u2022 Wird dem Vermieter eine Selbstbeteiligung in Rechnung gestellt, wird diese vom Mieter zur\u00fcckgefordert.<\/p><p><strong>12. Geltendes Recht und Streitbeilegung<\/strong><br \/>Auf diese Vereinbarung findet niederl\u00e4ndisches Recht Anwendung. Nur das niederl\u00e4ndische Gericht ist befugt, Streitigkeiten zur Kenntnis zu nehmen. Wenn eine Streitbeilegungsstelle in dieser Angelegenheit zust\u00e4ndig ist, kann die Streitigkeit auch dieser Stelle vorgelegt werden.<\/p><p><strong>Sonstige Informationen und Regeln:<\/strong><br \/>-Versicherung: Wir haben eine Geb\u00e4ude-, Haftpflicht- und Hausratversicherung bei Delta Lloyd \/ via Assurantie- en Bemiddelingsbureau A. de Wijn VOF (in Texel).<br \/>-Energie: Der Mieter ist verpflichtet, mit dem Energieverbrauch sorgsam umzugehen und diesem angesichts der Energieknappheit besondere Aufmerksamkeit zu schenken. Extrem hohe Energieverbr\u00e4uche k\u00f6nnen nach R\u00fccksprache und mit Begr\u00fcndung auch nachtr\u00e4glich an den Mieter weitergegeben werden. Beispiele: Die Klimaanlagen m\u00fcssen beim Verlassen der Unterkunft ausgeschaltet werden, alle T\u00fcren m\u00fcssen geschlossen sein, wenn die Klimaanlage benutzt wird, der Strom aus der Unterkunft darf nicht zum Laden eines Elektroautos verwendet werden. <\/p>\t\t\t\t\t\t\t\t<\/div>\n\t\t\t\t<\/div>\n\t\t\t\t\t<\/div>\n\t\t<\/div>\n\t\t\t\t\t<\/div>\n\t\t<\/section>\n\t\t\t\t<\/div>","protected":false},"excerpt":{"rendered":"<p>Die Kleingedruckte | Allgemeine Gesch\u00e4ftsbedingungen Nachfolgend finden Sie unsere Allgemeinen Gesch\u00e4ftsbedingungen, die mit der Buchung akzeptiert werden. Sie sind das notwendige Kleingedruckte, das f\u00fcr Sie und uns von gro\u00dfer Bedeutung sein kann. F\u00fcr alle unsere Unterk\u00fcnfte gelten die Allgemeinen Gesch\u00e4ftsbedingungen der ... <a href=\"https:\/\/zowad.nl\/de\/algemene-voorwaarden\/\">Mehr lesen<\/a><\/p>","protected":false},"author":1,"featured_media":0,"parent":0,"menu_order":1,"comment_status":"closed","ping_status":"closed","template":"elementor_theme","meta":{"footnotes":""},"class_list":["post-90","page","type-page","status-publish","hentry"],"jetpack_shortlink":"https:\/\/wp.me\/PdFdim-1s","jetpack_sharing_enabled":true,"_links":{"self":[{"href":"https:\/\/zowad.nl\/de\/wp-json\/wp\/v2\/pages\/90","targetHints":{"allow":["GET"]}}],"collection":[{"href":"https:\/\/zowad.nl\/de\/wp-json\/wp\/v2\/pages"}],"about":[{"href":"https:\/\/zowad.nl\/de\/wp-json\/wp\/v2\/types\/page"}],"author":[{"embeddable":true,"href":"https:\/\/zowad.nl\/de\/wp-json\/wp\/v2\/users\/1"}],"replies":[{"embeddable":true,"href":"https:\/\/zowad.nl\/de\/wp-json\/wp\/v2\/comments?post=90"}],"version-history":[{"count":0,"href":"https:\/\/zowad.nl\/de\/wp-json\/wp\/v2\/pages\/90\/revisions"}],"wp:attachment":[{"href":"https:\/\/zowad.nl\/de\/wp-json\/wp\/v2\/media?parent=90"}],"curies":[{"name":"wp","href":"https:\/\/api.w.org\/{rel}","templated":true}]}}