{"id":100,"date":"2022-01-19T13:01:59","date_gmt":"2022-01-19T12:01:59","guid":{"rendered":"https:\/\/master.themovation.com\/bellevue\/tinyhome\/?page_id=2636"},"modified":"2024-09-04T12:46:11","modified_gmt":"2024-09-04T10:46:11","slug":"unterkunfte-3","status":"publish","type":"page","link":"https:\/\/zowad.nl\/de\/accommodaties\/","title":{"rendered":"Unterk\u00fcnfte"},"content":{"rendered":"<div data-elementor-type=\"wp-page\" data-elementor-id=\"100\" class=\"elementor elementor-100\">\n\t\t\t\t\t\t<section class=\"elementor-section elementor-top-section elementor-element elementor-element-e22936c elementor-section-boxed elementor-section-height-default elementor-section-height-default\" data-id=\"e22936c\" data-element_type=\"section\" data-e-type=\"section\">\n\t\t\t\t\t\t<div class=\"elementor-container elementor-column-gap-default\">\n\t\t\t\t\t<div class=\"elementor-column elementor-col-100 elementor-top-column elementor-element elementor-element-fe03345\" data-id=\"fe03345\" data-element_type=\"column\" data-e-type=\"column\">\n\t\t\t<div class=\"elementor-widget-wrap elementor-element-populated\">\n\t\t\t\t\t\t<div class=\"elementor-element elementor-element-dfda17c elementor-widget elementor-widget-spacer\" data-id=\"dfda17c\" data-element_type=\"widget\" data-e-type=\"widget\" data-widget_type=\"spacer.default\">\n\t\t\t\t<div class=\"elementor-widget-container\">\n\t\t\t\t\t\t\t<div class=\"elementor-spacer\">\n\t\t\t<div class=\"elementor-spacer-inner\"><\/div>\n\t\t<\/div>\n\t\t\t\t\t\t<\/div>\n\t\t\t\t<\/div>\n\t\t\t\t\t<\/div>\n\t\t<\/div>\n\t\t\t\t\t<\/div>\n\t\t<\/section>\n\t\t\t\t<section class=\"elementor-section elementor-top-section elementor-element elementor-element-8611843 elementor-section-boxed elementor-section-height-default elementor-section-height-default\" data-id=\"8611843\" data-element_type=\"section\" data-e-type=\"section\">\n\t\t\t\t\t\t<div class=\"elementor-container elementor-column-gap-default\">\n\t\t\t\t\t<div class=\"elementor-column elementor-col-100 elementor-top-column elementor-element elementor-element-c95bb3c\" data-id=\"c95bb3c\" data-element_type=\"column\" data-e-type=\"column\">\n\t\t\t<div class=\"elementor-widget-wrap elementor-element-populated\">\n\t\t\t\t\t\t<div class=\"elementor-element elementor-element-286932c elementor-widget elementor-widget-heading\" data-id=\"286932c\" data-element_type=\"widget\" data-e-type=\"widget\" data-widget_type=\"heading.default\">\n\t\t\t\t<div class=\"elementor-widget-container\">\n\t\t\t\t\t<h2 class=\"elementor-heading-title elementor-size-default\">ZoWad: Molenhuisje Beaufort | B&amp;B De Molensuite<\/h2>\t\t\t\t<\/div>\n\t\t\t\t<\/div>\n\t\t\t\t\t<\/div>\n\t\t<\/div>\n\t\t\t\t\t<\/div>\n\t\t<\/section>\n\t\t\t\t<section class=\"elementor-section elementor-top-section elementor-element elementor-element-d56af3f elementor-section-boxed elementor-section-height-default elementor-section-height-default\" data-id=\"d56af3f\" data-element_type=\"section\" data-e-type=\"section\">\n\t\t\t\t\t\t<div class=\"elementor-container elementor-column-gap-default\">\n\t\t\t\t\t<div class=\"elementor-column elementor-col-100 elementor-top-column elementor-element elementor-element-06445e0\" data-id=\"06445e0\" data-element_type=\"column\" data-e-type=\"column\">\n\t\t\t<div class=\"elementor-widget-wrap elementor-element-populated\">\n\t\t\t\t\t\t<div class=\"elementor-element elementor-element-698eb9e elementor-widget elementor-widget-heading\" data-id=\"698eb9e\" data-element_type=\"widget\" data-e-type=\"widget\" data-widget_type=\"heading.default\">\n\t\t\t\t<div class=\"elementor-widget-container\">\n\t\t\t\t\t<h4 class=\"elementor-heading-title elementor-size-medium\">Derselbe einzigartige Ort | zwei verschiedene \u00dcbernachtungsm\u00f6glichkeiten<\/h4>\t\t\t\t<\/div>\n\t\t\t\t<\/div>\n\t\t\t\t\t<\/div>\n\t\t<\/div>\n\t\t\t\t\t<\/div>\n\t\t<\/section>\n\t\t\t\t<section class=\"elementor-section elementor-top-section elementor-element elementor-element-a496e2e elementor-section-boxed elementor-section-height-default elementor-section-height-default\" data-id=\"a496e2e\" data-element_type=\"section\" data-e-type=\"section\">\n\t\t\t\t\t\t<div class=\"elementor-container elementor-column-gap-default\">\n\t\t\t\t\t<div class=\"elementor-column elementor-col-100 elementor-top-column elementor-element elementor-element-f125722\" data-id=\"f125722\" data-element_type=\"column\" data-e-type=\"column\">\n\t\t\t<div class=\"elementor-widget-wrap elementor-element-populated\">\n\t\t\t\t\t\t<section class=\"elementor-section elementor-inner-section elementor-element elementor-element-670c943 elementor-section-boxed elementor-section-height-default elementor-section-height-default\" data-id=\"670c943\" data-element_type=\"section\" data-e-type=\"section\">\n\t\t\t\t\t\t<div class=\"elementor-container elementor-column-gap-default\">\n\t\t\t\t\t<div class=\"elementor-column elementor-col-50 elementor-inner-column elementor-element elementor-element-d8d7c06\" data-id=\"d8d7c06\" data-element_type=\"column\" data-e-type=\"column\">\n\t\t\t<div class=\"elementor-widget-wrap elementor-element-populated\">\n\t\t\t\t\t\t<div class=\"elementor-element elementor-element-9f5e834 elementor-widget elementor-widget-image\" data-id=\"9f5e834\" data-element_type=\"widget\" data-e-type=\"widget\" data-widget_type=\"image.default\">\n\t\t\t\t<div class=\"elementor-widget-container\">\n\t\t\t\t\t\t\t\t\t\t\t\t\t\t\t<img fetchpriority=\"high\" decoding=\"async\" data-attachment-id=\"6118\" data-permalink=\"https:\/\/zowad.nl\/de\/img_9384\/\" data-orig-file=\"https:\/\/i0.wp.com\/zowad.nl\/wp-content\/uploads\/2023\/05\/IMG_9384.jpeg?fit=2048%2C1536&ssl=1\" data-orig-size=\"2048,1536\" data-comments-opened=\"1\" data-image-meta=\"{&quot;aperture&quot;:&quot;1.8&quot;,&quot;credit&quot;:&quot;&quot;,&quot;camera&quot;:&quot;iPhone SE (2nd generation)&quot;,&quot;caption&quot;:&quot;&quot;,&quot;created_timestamp&quot;:&quot;1657726671&quot;,&quot;copyright&quot;:&quot;&quot;,&quot;focal_length&quot;:&quot;3.99&quot;,&quot;iso&quot;:&quot;20&quot;,&quot;shutter_speed&quot;:&quot;0.00031201248049922&quot;,&quot;title&quot;:&quot;&quot;,&quot;orientation&quot;:&quot;1&quot;}\" data-image-title=\"Molenhuisje front zuid\" data-image-description=\"\" data-image-caption=\"<p>Raampjes op de molen<\/p>\" data-large-file=\"https:\/\/i0.wp.com\/zowad.nl\/wp-content\/uploads\/2023\/05\/IMG_9384.jpeg?fit=1024%2C768&ssl=1\" width=\"605\" height=\"465\" src=\"https:\/\/i0.wp.com\/zowad.nl\/wp-content\/uploads\/2023\/05\/IMG_9384.jpeg?resize=605%2C465&ssl=1\" class=\"attachment-th_img_md_landscape size-th_img_md_landscape wp-image-6118\" alt=\"\" srcset=\"https:\/\/i0.wp.com\/zowad.nl\/wp-content\/uploads\/2023\/05\/IMG_9384.jpeg?resize=16%2C12&ssl=1 16w, https:\/\/i0.wp.com\/zowad.nl\/wp-content\/uploads\/2023\/05\/IMG_9384.jpeg?resize=394%2C303&ssl=1 394w, https:\/\/i0.wp.com\/zowad.nl\/wp-content\/uploads\/2023\/05\/IMG_9384.jpeg?resize=605%2C465&ssl=1 605w, https:\/\/i0.wp.com\/zowad.nl\/wp-content\/uploads\/2023\/05\/IMG_9384.jpeg?zoom=2&resize=605%2C465&ssl=1 1210w, https:\/\/i0.wp.com\/zowad.nl\/wp-content\/uploads\/2023\/05\/IMG_9384.jpeg?zoom=3&resize=605%2C465&ssl=1 1815w\" sizes=\"(max-width: 605px) 100vw, 605px\" \/>\t\t\t\t\t\t\t\t\t\t\t\t\t\t\t<\/div>\n\t\t\t\t<\/div>\n\t\t\t\t<div class=\"elementor-element elementor-element-4235bec elementor-widget elementor-widget-text-editor\" data-id=\"4235bec\" data-element_type=\"widget\" data-e-type=\"widget\" data-widget_type=\"text-editor.default\">\n\t\t\t\t<div class=\"elementor-widget-container\">\n\t\t\t\t\t\t\t\t\t<p>Suchen Sie nach ultimativer Privatsph\u00e4re in Ihrem eigenen winzigen Bauernhaus? Au\u00dfen authentisch, innen voller Komfort? M\u00f6chten Sie zu dritt gehen oder den ganzen Platz zu zweit? Dan sind wir <strong>M\u00fchlenhaus Beaufort<\/strong> wurde perfekt sein!<\/p>\n<p>Sehen Sie sich hier um und klicken Sie einfach weiter, um alle Informationen \u00fcber Het Molenhuisje anzuzeigen.\u00a0<\/p>\n<p>Willkommen bei ZoWad<\/p>\t\t\t\t\t\t\t\t<\/div>\n\t\t\t\t<\/div>\n\t\t\t\t\t<\/div>\n\t\t<\/div>\n\t\t\t\t<div class=\"elementor-column elementor-col-50 elementor-inner-column elementor-element elementor-element-6ca774e\" data-id=\"6ca774e\" data-element_type=\"column\" data-e-type=\"column\">\n\t\t\t<div class=\"elementor-widget-wrap elementor-element-populated\">\n\t\t\t\t\t\t<div class=\"elementor-element elementor-element-d9d6f62 elementor-widget elementor-widget-image\" data-id=\"d9d6f62\" data-element_type=\"widget\" data-e-type=\"widget\" data-widget_type=\"image.default\">\n\t\t\t\t<div class=\"elementor-widget-container\">\n\t\t\t\t\t\t\t\t\t\t\t\t\t\t\t<img data-rjs=\"2\" decoding=\"async\" data-attachment-id=\"7646\" data-permalink=\"https:\/\/zowad.nl\/de\/thumbnail_img_1796\/\" data-orig-file=\"https:\/\/i0.wp.com\/zowad.nl\/wp-content\/uploads\/2024\/07\/thumbnail_IMG_1796.jpg?fit=1440%2C1920&ssl=1\" data-orig-size=\"1440,1920\" data-comments-opened=\"1\" data-image-meta=\"{&quot;aperture&quot;:&quot;0&quot;,&quot;credit&quot;:&quot;&quot;,&quot;camera&quot;:&quot;&quot;,&quot;caption&quot;:&quot;&quot;,&quot;created_timestamp&quot;:&quot;0&quot;,&quot;copyright&quot;:&quot;&quot;,&quot;focal_length&quot;:&quot;0&quot;,&quot;iso&quot;:&quot;0&quot;,&quot;shutter_speed&quot;:&quot;0&quot;,&quot;title&quot;:&quot;&quot;,&quot;orientation&quot;:&quot;0&quot;}\" data-image-title=\"B&#038;B studio De Molensuite\" data-image-description=\"\" data-image-caption=\"\" data-large-file=\"https:\/\/i0.wp.com\/zowad.nl\/wp-content\/uploads\/2024\/07\/thumbnail_IMG_1796.jpg?fit=768%2C1024&ssl=1\" width=\"605\" height=\"465\" src=\"https:\/\/i0.wp.com\/zowad.nl\/wp-content\/uploads\/2024\/07\/thumbnail_IMG_1796.jpg?resize=605%2C465&ssl=1\" class=\"attachment-th_img_md_landscape size-th_img_md_landscape wp-image-7646\" alt=\"\" srcset=\"https:\/\/i0.wp.com\/zowad.nl\/wp-content\/uploads\/2024\/07\/thumbnail_IMG_1796.jpg?resize=394%2C303&ssl=1 394w, https:\/\/i0.wp.com\/zowad.nl\/wp-content\/uploads\/2024\/07\/thumbnail_IMG_1796.jpg?resize=605%2C465&ssl=1 605w, https:\/\/i0.wp.com\/zowad.nl\/wp-content\/uploads\/2024\/07\/thumbnail_IMG_1796.jpg?zoom=2&resize=605%2C465&ssl=1 1210w\" sizes=\"(max-width: 605px) 100vw, 605px\" \/>\t\t\t\t\t\t\t\t\t\t\t\t\t\t\t<\/div>\n\t\t\t\t<\/div>\n\t\t\t\t<div class=\"elementor-element elementor-element-79ea116 elementor-widget elementor-widget-text-editor\" data-id=\"79ea116\" data-element_type=\"widget\" data-e-type=\"widget\" data-widget_type=\"text-editor.default\">\n\t\t\t\t<div class=\"elementor-widget-container\">\n\t\t\t\t\t\t\t\t\t<p>Suchen Sie die Gem\u00fctlichkeit eines B&amp;B, mit feinem Fr\u00fchst\u00fcck und dennoch allen Annehmlichkeiten - zum Beispiel einem romantischen Holzofen und einem Spitzenbett - in der gleichen einzigartigen Lage?\u00a0<\/p><p>Der<strong> B&amp;B - <\/strong>Studio<strong>\u00a0Der<\/strong>\u00a0<strong>M\u00fchlen Suite<\/strong> in unserem Haupthaus bietet all dies.\u00a0<\/p><p>Sehen Sie sich hier um und klicken Sie einfach weiter, um alle Informationen \u00fcber Het Molenhuisje anzuzeigen.\u00a0<\/p><p>Willkommen bei ZoWad!<\/p>\t\t\t\t\t\t\t\t<\/div>\n\t\t\t\t<\/div>\n\t\t\t\t\t<\/div>\n\t\t<\/div>\n\t\t\t\t\t<\/div>\n\t\t<\/section>\n\t\t\t\t\t<\/div>\n\t\t<\/div>\n\t\t\t\t\t<\/div>\n\t\t<\/section>\n\t\t\t\t<section class=\"elementor-section elementor-top-section elementor-element elementor-element-4bd789b elementor-section-boxed elementor-section-height-default elementor-section-height-default\" data-id=\"4bd789b\" data-element_type=\"section\" data-e-type=\"section\">\n\t\t\t\t\t\t<div class=\"elementor-container elementor-column-gap-default\">\n\t\t\t\t\t<div class=\"elementor-column elementor-col-50 elementor-top-column elementor-element elementor-element-377a46d\" data-id=\"377a46d\" data-element_type=\"column\" data-e-type=\"column\">\n\t\t\t<div class=\"elementor-widget-wrap elementor-element-populated\">\n\t\t\t\t\t\t<div class=\"elementor-element elementor-element-0893b68 elementor-button-info elementor-align-center elementor-widget elementor-widget-button\" data-id=\"0893b68\" data-element_type=\"widget\" data-e-type=\"widget\" data-widget_type=\"button.default\">\n\t\t\t\t<div class=\"elementor-widget-container\">\n\t\t\t\t\t\t\t\t\t<div class=\"elementor-button-wrapper\">\n\t\t\t\t\t<a class=\"elementor-button elementor-button-link elementor-size-lg\" href=\"https:\/\/zowad.nl\/de\/unterkunfte-2\/muhlenhaus-t\/\">\n\t\t\t\t\t\t<span class=\"elementor-button-content-wrapper\">\n\t\t\t\t\t\t\t\t\t<span class=\"elementor-button-text\">Zum M\u00fchlenhaus Beaufort<\/span>\n\t\t\t\t\t<\/span>\n\t\t\t\t\t<\/a>\n\t\t\t\t<\/div>\n\t\t\t\t\t\t\t\t<\/div>\n\t\t\t\t<\/div>\n\t\t\t\t\t<\/div>\n\t\t<\/div>\n\t\t\t\t<div class=\"elementor-column elementor-col-50 elementor-top-column elementor-element elementor-element-c30f76d\" data-id=\"c30f76d\" data-element_type=\"column\" data-e-type=\"column\">\n\t\t\t<div class=\"elementor-widget-wrap elementor-element-populated\">\n\t\t\t\t\t\t<div class=\"elementor-element elementor-element-c047f6c elementor-button-info elementor-align-center elementor-widget elementor-widget-button\" data-id=\"c047f6c\" data-element_type=\"widget\" data-e-type=\"widget\" data-widget_type=\"button.default\">\n\t\t\t\t<div class=\"elementor-widget-container\">\n\t\t\t\t\t\t\t\t\t<div class=\"elementor-button-wrapper\">\n\t\t\t\t\t<a class=\"elementor-button elementor-button-link elementor-size-lg\" href=\"https:\/\/zowad.nl\/de\/unterkunfte-2\/bnb-mill-suite\/\">\n\t\t\t\t\t\t<span class=\"elementor-button-content-wrapper\">\n\t\t\t\t\t\t\t\t\t<span class=\"elementor-button-text\">Zu B&amp;B The Mill Suite<\/span>\n\t\t\t\t\t<\/span>\n\t\t\t\t\t<\/a>\n\t\t\t\t<\/div>\n\t\t\t\t\t\t\t\t<\/div>\n\t\t\t\t<\/div>\n\t\t\t\t\t<\/div>\n\t\t<\/div>\n\t\t\t\t\t<\/div>\n\t\t<\/section>\n\t\t\t\t<section class=\"elementor-section elementor-top-section elementor-element elementor-element-c72a1a7 elementor-section-boxed elementor-section-height-default elementor-section-height-default\" data-id=\"c72a1a7\" data-element_type=\"section\" data-e-type=\"section\">\n\t\t\t\t\t\t<div class=\"elementor-container elementor-column-gap-default\">\n\t\t\t\t\t<div class=\"elementor-column elementor-col-100 elementor-top-column elementor-element elementor-element-84c68ce\" data-id=\"84c68ce\" data-element_type=\"column\" data-e-type=\"column\">\n\t\t\t<div class=\"elementor-widget-wrap elementor-element-populated\">\n\t\t\t\t\t\t<div class=\"elementor-element elementor-element-455a824 elementor-widget elementor-widget-spacer\" data-id=\"455a824\" data-element_type=\"widget\" data-e-type=\"widget\" data-widget_type=\"spacer.default\">\n\t\t\t\t<div class=\"elementor-widget-container\">\n\t\t\t\t\t\t\t<div class=\"elementor-spacer\">\n\t\t\t<div class=\"elementor-spacer-inner\"><\/div>\n\t\t<\/div>\n\t\t\t\t\t\t<\/div>\n\t\t\t\t<\/div>\n\t\t\t\t\t<\/div>\n\t\t<\/div>\n\t\t\t\t\t<\/div>\n\t\t<\/section>\n\t\t\t\t<\/div>","protected":false},"excerpt":{"rendered":"<p>ZoWad: Molenhuisje Beaufort | B&#038;B De Molensuite Zelfde unieke locatie | twee verschillende mogelijkheden om te overnachten Ben je op zoek naar ultieme privacy in je eigen tiny boerderijtje? Authentiek van buiten, en alle comfort van binnen? Wil je met &hellip; <a href=\"https:\/\/zowad.nl\/de\/accommodaties\/\">Mehr lesen<\/a><\/p>","protected":false},"author":1,"featured_media":0,"parent":0,"menu_order":3,"comment_status":"closed","ping_status":"closed","template":"","meta":{"footnotes":""},"class_list":["post-100","page","type-page","status-publish","hentry"],"jetpack_shortlink":"https:\/\/wp.me\/PdFdim-1C","jetpack_sharing_enabled":true,"_links":{"self":[{"href":"https:\/\/zowad.nl\/de\/wp-json\/wp\/v2\/pages\/100","targetHints":{"allow":["GET"]}}],"collection":[{"href":"https:\/\/zowad.nl\/de\/wp-json\/wp\/v2\/pages"}],"about":[{"href":"https:\/\/zowad.nl\/de\/wp-json\/wp\/v2\/types\/page"}],"author":[{"embeddable":true,"href":"https:\/\/zowad.nl\/de\/wp-json\/wp\/v2\/users\/1"}],"replies":[{"embeddable":true,"href":"https:\/\/zowad.nl\/de\/wp-json\/wp\/v2\/comments?post=100"}],"version-history":[{"count":0,"href":"https:\/\/zowad.nl\/de\/wp-json\/wp\/v2\/pages\/100\/revisions"}],"wp:attachment":[{"href":"https:\/\/zowad.nl\/de\/wp-json\/wp\/v2\/media?parent=100"}],"curies":[{"name":"wp","href":"https:\/\/api.w.org\/{rel}","templated":true}]}}